{"id":851,"date":"2022-03-04T11:28:36","date_gmt":"2022-03-04T11:28:36","guid":{"rendered":"https:\/\/startersites.io\/stagingtwo\/?page_id=851"},"modified":"2024-11-19T15:54:02","modified_gmt":"2024-11-19T15:54:02","slug":"services","status":"publish","type":"page","link":"https:\/\/exodos-imagen.com\/es\/services\/","title":{"rendered":"Servicios"},"content":{"rendered":"<div class=\"wp-block-stackable-spacer stk-block-spacer stk--no-padding stk-block stk-86153b9\" data-block-id=\"86153b9\"><style>.stk-86153b9 {height:130px !important;}@media screen and (max-width: 1023px){.stk-86153b9 {height:80px !important;}}@media screen and (max-width: 767px){.stk-86153b9 {height:50px !important;}}<\/style><\/div>\n\n\n\n<div class=\"wp-block-stackable-columns alignfull stk-block-columns stk-block stk-968c68e stk-block-background stk--has-background-overlay\" data-block-id=\"968c68e\"><style>.stk-968c68e .stk--block-align-968c68e{align-items:center !important;}.stk-968c68e {background-size:custom !important;min-height:120vh !important;padding-left:165px !important;margin-bottom:0px !important;top:-140px !important;}.stk-968c68e:before{background-color:#000000 !important;opacity:0.3 !important;}@media screen and (max-width: 1023px){.stk-968c68e {padding-right:172px !important;}}@media screen and (max-width: 767px){.stk-968c68e {padding-right:38px !important;padding-left:38px !important;}}<\/style><div class=\"stk-row stk-inner-blocks has-text-align-center stk--block-align-968c68e stk-block-content stk-content-align stk-968c68e-column alignfull\">\n<div class=\"wp-block-stackable-column stk-block-column stk-column stk-block stk-fa9be00\" data-v=\"4\" data-block-id=\"fa9be00\"><style>.stk-fa9be00 {align-self:center !important;max-width:589px !important;min-width:auto !important;margin-top:195px !important;margin-right:auto !important;margin-left:auto !important;}@media screen and (max-width: 767px){.stk-fa9be00 {margin-top:230px !important;}}<\/style><div class=\"stk-column-wrapper stk-block-column__content stk-container stk-fa9be00-container stk--no-background stk--no-padding\"><div class=\"has-text-align-center stk-block-content stk-inner-blocks stk-fa9be00-inner-blocks\">\n<details class=\"wp-block-stackable-accordion stk-block-accordion stk-inner-blocks stk-block-content stk--single-open stk-block stk-51d1f1e\" data-block-id=\"51d1f1e\">\n<summary class=\"wp-block-stackable-column stk-block-column stk-column stk-block stk-3eb03b9 stk--container-small stk-block-accordion__heading\" data-v=\"4\" data-block-id=\"3eb03b9\"><div class=\"stk-column-wrapper stk-block-column__content stk-container stk-3eb03b9-container stk--no-background stk--no-padding\"><div class=\"stk-block-content stk-inner-blocks stk-3eb03b9-inner-blocks\">\n<div class=\"wp-block-stackable-icon-label stk-block-icon-label stk-block stk-7682e48\" data-block-id=\"7682e48\"><div class=\"stk-row stk-inner-blocks stk-block-content\">\n<div class=\"wp-block-stackable-heading stk-block-heading stk-block-heading--v2 stk-block stk-19fbb61\" id=\"stills\" data-block-id=\"19fbb61\"><style>.stk-19fbb61 {max-width:300px !important;min-width:auto !important;}.stk-19fbb61 .stk-block-heading__text{font-size:35px !important;color:var(--theme-palette-color-8, #ffffff) !important;font-family:\"Oranienbaum\", Sans-serif !important;}@media screen and (max-width: 1023px){.stk-19fbb61 .stk-block-heading__text{font-size:35px !important;}}<\/style><h4 class=\"stk-block-heading__text has-text-color\">Im\u00e1genes<\/h4><\/div>\n\n\n\n<div class=\"wp-block-stackable-icon stk-block-icon stk-block stk-a7151ba\" data-block-id=\"a7151ba\"><style>.stk-a7151ba .stk--svg-wrapper .stk--inner-svg svg:last-child, .stk-a7151ba .stk--svg-wrapper .stk--inner-svg svg:last-child :is(g, path, rect, polygon, ellipse){fill:var(--theme-palette-color-8, #ffffff) !important;}<\/style><span class=\"stk--svg-wrapper\"><div class=\"stk--inner-svg\"><svg style=\"height:0;width:0\"><defs><lineargradient id=\"linear-gradient-a7151ba\" x1=\"0\" x2=\"100%\" y1=\"0\" y2=\"0\"><stop offset=\"0%\" style=\"stop-opacity:1;stop-color:var(--linear-gradient-a-7151-ba-color-1)\"><\/stop><stop offset=\"100%\" style=\"stop-opacity:1;stop-color:var(--linear-gradient-a-7151-ba-color-2)\"><\/stop><\/lineargradient><\/defs><\/svg><svg xmlns=\"http:\/\/www.w3.org\/2000\/svg\" viewbox=\"0 0 448 512\" aria-hidden=\"true\" width=\"32\" height=\"32\"><path d=\"M438.6 278.6c12.5-12.5 12.5-32.8 0-45.3l-160-160c-12.5-12.5-32.8-12.5-45.3 0s-12.5 32.8 0 45.3L338.8 224 32 224c-17.7 0-32 14.3-32 32s14.3 32 32 32l306.7 0L233.4 393.4c-12.5 12.5-12.5 32.8 0 45.3s32.8 12.5 45.3 0l160-160z\"><\/path><\/svg><\/div><\/span><\/div>\n<\/div><\/div>\n<\/div><\/div><\/summary>\n\n\n\n<div class=\"wp-block-stackable-column stk-block-column stk-column stk-block stk-3927028 stk-block-accordion__content\" data-v=\"4\" data-block-id=\"3927028\"><div class=\"stk-column-wrapper stk-block-column__content stk-container stk-3927028-container stk--no-background stk--no-padding\"><div class=\"has-text-align-center stk-block-content stk-inner-blocks stk-3927028-inner-blocks\">\n<div class=\"wp-block-stackable-text stk-block-text stk-block stk-718a3e9\" data-block-id=\"718a3e9\"><style>.stk-718a3e9 .stk-block-text__text{color:#ffffff !important;font-family:\"Kanit\", Sans-serif !important;}<\/style><p class=\"stk-block-text__text has-text-color\">Creamos im\u00e1genes \u00fanicas e impactantes a partir de tus ideas. Interpretamos planos, referencias visuales y conceptos de dise\u00f1o para generar visualizaciones que combinan elementos de fotograf\u00eda, iluminaci\u00f3n, pintura, paisajismo y decoraci\u00f3n.<\/p><\/div>\n<\/div><\/div><\/div>\n<\/details>\n\n\n\n<details class=\"wp-block-stackable-accordion stk-block-accordion stk-inner-blocks stk-block-content stk--single-open stk-block stk-6e96404\" data-block-id=\"6e96404\">\n<summary class=\"wp-block-stackable-column stk-block-column stk-column stk-block stk-30ffab5 stk--container-small stk-block-accordion__heading\" data-v=\"4\" data-block-id=\"30ffab5\"><div class=\"stk-column-wrapper stk-block-column__content stk-container stk-30ffab5-container stk--no-background stk--no-padding\"><div class=\"stk-block-content stk-inner-blocks stk-30ffab5-inner-blocks\">\n<div class=\"wp-block-stackable-icon-label stk-block-icon-label stk-block stk-a526ec8\" data-block-id=\"a526ec8\"><div class=\"stk-row stk-inner-blocks stk-block-content\">\n<div class=\"wp-block-stackable-heading stk-block-heading stk-block-heading--v2 stk-block stk-d41d3f0\" id=\"360-tours\" data-block-id=\"d41d3f0\"><style>.stk-d41d3f0 {max-width:300px !important;min-width:auto !important;}.stk-d41d3f0 .stk-block-heading__text{font-size:35px !important;color:#ffffff !important;font-family:\"Oranienbaum\", Sans-serif !important;}@media screen and (max-width: 1023px){.stk-d41d3f0 .stk-block-heading__text{font-size:35px !important;}}<\/style><h4 class=\"stk-block-heading__text has-text-color\">360\u00b0 Tours<\/h4><\/div>\n\n\n\n<div class=\"wp-block-stackable-icon stk-block-icon stk-block stk-5b45b9c\" data-block-id=\"5b45b9c\"><style>.stk-5b45b9c .stk--svg-wrapper .stk--inner-svg svg:last-child, .stk-5b45b9c .stk--svg-wrapper .stk--inner-svg svg:last-child :is(g, path, rect, polygon, ellipse){fill:#ffffff !important;}<\/style><span class=\"stk--svg-wrapper\"><div class=\"stk--inner-svg\"><svg style=\"height:0;width:0\"><defs><lineargradient id=\"linear-gradient-5b45b9c\" x1=\"0\" x2=\"100%\" y1=\"0\" y2=\"0\"><stop offset=\"0%\" style=\"stop-opacity:1;stop-color:var(--linear-gradient-5-b-45-b-9-c-color-1)\"><\/stop><stop offset=\"100%\" style=\"stop-opacity:1;stop-color:var(--linear-gradient-5-b-45-b-9-c-color-2)\"><\/stop><\/lineargradient><\/defs><\/svg><svg xmlns=\"http:\/\/www.w3.org\/2000\/svg\" viewbox=\"0 0 448 512\" aria-hidden=\"true\" width=\"32\" height=\"32\"><path d=\"M438.6 278.6c12.5-12.5 12.5-32.8 0-45.3l-160-160c-12.5-12.5-32.8-12.5-45.3 0s-12.5 32.8 0 45.3L338.8 224 32 224c-17.7 0-32 14.3-32 32s14.3 32 32 32l306.7 0L233.4 393.4c-12.5 12.5-12.5 32.8 0 45.3s32.8 12.5 45.3 0l160-160z\"><\/path><\/svg><\/div><\/span><\/div>\n<\/div><\/div>\n<\/div><\/div><\/summary>\n\n\n\n<div class=\"wp-block-stackable-column stk-block-column stk-column stk-block stk-d3e1d40 stk-block-accordion__content\" data-v=\"4\" data-block-id=\"d3e1d40\"><div class=\"stk-column-wrapper stk-block-column__content stk-container stk-d3e1d40-container stk--no-background stk--no-padding\"><div class=\"stk-block-content stk-inner-blocks stk-d3e1d40-inner-blocks\">\n<div class=\"wp-block-stackable-text stk-block-text stk-block stk-4403153\" data-block-id=\"4403153\"><style>.stk-4403153 .stk-block-text__text{color:#ffffff !important;font-family:\"Kanit\", Sans-serif !important;}<\/style><p class=\"stk-block-text__text has-text-color\">Transformamos tus espacios en experiencias virtuales inmersivas, accesibles desde cualquier dispositivo, ya sea una PC, un smartphone o un visor de realidad virtual.<\/p><\/div>\n<\/div><\/div><\/div>\n<\/details>\n\n\n\n<details class=\"wp-block-stackable-accordion stk-block-accordion stk-inner-blocks stk-block-content stk--single-open stk-block stk-5578f91\" data-block-id=\"5578f91\">\n<summary class=\"wp-block-stackable-column stk-block-column stk-column stk-block stk-2987a71 stk--container-small stk-block-accordion__heading\" data-v=\"4\" data-block-id=\"2987a71\"><div class=\"stk-column-wrapper stk-block-column__content stk-container stk-2987a71-container stk--no-background stk--no-padding\"><div class=\"stk-block-content stk-inner-blocks stk-2987a71-inner-blocks\">\n<div class=\"wp-block-stackable-icon-label stk-block-icon-label stk-block stk-c4c019f\" data-block-id=\"c4c019f\"><div class=\"stk-row stk-inner-blocks stk-block-content\">\n<div class=\"wp-block-stackable-heading stk-block-heading stk-block-heading--v2 stk-block stk-cff28af\" id=\"animations\" data-block-id=\"cff28af\"><style>.stk-cff28af {max-width:300px !important;min-width:auto !important;}.stk-cff28af .stk-block-heading__text{font-size:35px !important;color:#ffffff !important;font-family:\"Oranienbaum\", Sans-serif !important;}@media screen and (max-width: 1023px){.stk-cff28af .stk-block-heading__text{font-size:35px !important;}}<\/style><h4 class=\"stk-block-heading__text has-text-color\">Animaci\u00f3n<\/h4><\/div>\n\n\n\n<div class=\"wp-block-stackable-icon stk-block-icon stk-block stk-b748ac5\" data-block-id=\"b748ac5\"><style>.stk-b748ac5 .stk--svg-wrapper .stk--inner-svg svg:last-child, .stk-b748ac5 .stk--svg-wrapper .stk--inner-svg svg:last-child :is(g, path, rect, polygon, ellipse){fill:var(--theme-palette-color-8, #ffffff) !important;}<\/style><span class=\"stk--svg-wrapper\"><div class=\"stk--inner-svg\"><svg style=\"height:0;width:0\"><defs><lineargradient id=\"linear-gradient-b748ac5\" x1=\"0\" x2=\"100%\" y1=\"0\" y2=\"0\"><stop offset=\"0%\" style=\"stop-opacity:1;stop-color:var(--linear-gradient-b-748-ac-5-color-1)\"><\/stop><stop offset=\"100%\" style=\"stop-opacity:1;stop-color:var(--linear-gradient-b-748-ac-5-color-2)\"><\/stop><\/lineargradient><\/defs><\/svg><svg xmlns=\"http:\/\/www.w3.org\/2000\/svg\" viewbox=\"0 0 448 512\" aria-hidden=\"true\" width=\"32\" height=\"32\"><path d=\"M438.6 278.6c12.5-12.5 12.5-32.8 0-45.3l-160-160c-12.5-12.5-32.8-12.5-45.3 0s-12.5 32.8 0 45.3L338.8 224 32 224c-17.7 0-32 14.3-32 32s14.3 32 32 32l306.7 0L233.4 393.4c-12.5 12.5-12.5 32.8 0 45.3s32.8 12.5 45.3 0l160-160z\"><\/path><\/svg><\/div><\/span><\/div>\n<\/div><\/div>\n<\/div><\/div><\/summary>\n\n\n\n<div class=\"wp-block-stackable-column stk-block-column stk-column stk-block stk-bfbfc95 stk-block-accordion__content\" data-v=\"4\" data-block-id=\"bfbfc95\"><div class=\"stk-column-wrapper stk-block-column__content stk-container stk-bfbfc95-container stk--no-background stk--no-padding\"><div class=\"stk-block-content stk-inner-blocks stk-bfbfc95-inner-blocks\">\n<div class=\"wp-block-stackable-text stk-block-text stk-block stk-c694794\" data-block-id=\"c694794\"><style>.stk-c694794 .stk-block-text__text{color:#ffffff !important;}<\/style><p class=\"stk-block-text__text has-text-color\">Creamos animaciones personalizadas que exploran cada proyecto desde perspectivas \u00fanicas, combinando movimientos de c\u00e1mara y objetos que revelan cada detalle del proyecto arquitect\u00f3nico con un estilo realista y elegante ayudando a tus clientes a visualizar y comprender mejor tu dise\u00f1o.<\/p><\/div>\n<\/div><\/div><\/div>\n<\/details>\n\n\n\n<details class=\"wp-block-stackable-accordion stk-block-accordion stk-inner-blocks stk-block-content stk--single-open stk-block stk-960ee14\" data-block-id=\"960ee14\">\n<summary class=\"wp-block-stackable-column stk-block-column stk-column stk-block stk-8deef05 stk--container-small stk-block-accordion__heading\" data-v=\"4\" data-block-id=\"8deef05\"><div class=\"stk-column-wrapper stk-block-column__content stk-container stk-8deef05-container stk--no-background stk--no-padding\"><div class=\"stk-block-content stk-inner-blocks stk-8deef05-inner-blocks\">\n<div class=\"wp-block-stackable-icon-label stk-block-icon-label stk-block stk-de54d4e\" data-block-id=\"de54d4e\"><div class=\"stk-row stk-inner-blocks stk-block-content\">\n<div class=\"wp-block-stackable-heading stk-block-heading stk-block-heading--v2 stk-block stk-96fa46b\" id=\"virtual-reality\" data-block-id=\"96fa46b\"><style>.stk-96fa46b {max-width:300px !important;min-width:auto !important;}.stk-96fa46b .stk-block-heading__text{font-size:35px !important;color:#ffffff !important;font-family:\"Oranienbaum\", Sans-serif !important;}@media screen and (max-width: 1023px){.stk-96fa46b .stk-block-heading__text{font-size:35px !important;}}<\/style><h4 class=\"stk-block-heading__text has-text-color\">Realidad Virtual<\/h4><\/div>\n\n\n\n<div class=\"wp-block-stackable-icon stk-block-icon stk-block stk-16d4ac1\" data-block-id=\"16d4ac1\"><style>.stk-16d4ac1 .stk--svg-wrapper .stk--inner-svg svg:last-child, .stk-16d4ac1 .stk--svg-wrapper .stk--inner-svg svg:last-child :is(g, path, rect, polygon, ellipse){fill:#ffffff !important;}<\/style><span class=\"stk--svg-wrapper\"><div class=\"stk--inner-svg\"><svg style=\"height:0;width:0\"><defs><lineargradient id=\"linear-gradient-16d4ac1\" x1=\"0\" x2=\"100%\" y1=\"0\" y2=\"0\"><stop offset=\"0%\" style=\"stop-opacity:1;stop-color:var(--linear-gradient-16-d-4-ac-1-color-1)\"><\/stop><stop offset=\"100%\" style=\"stop-opacity:1;stop-color:var(--linear-gradient-16-d-4-ac-1-color-2)\"><\/stop><\/lineargradient><\/defs><\/svg><svg xmlns=\"http:\/\/www.w3.org\/2000\/svg\" viewbox=\"0 0 448 512\" aria-hidden=\"true\" width=\"32\" height=\"32\"><path d=\"M438.6 278.6c12.5-12.5 12.5-32.8 0-45.3l-160-160c-12.5-12.5-32.8-12.5-45.3 0s-12.5 32.8 0 45.3L338.8 224 32 224c-17.7 0-32 14.3-32 32s14.3 32 32 32l306.7 0L233.4 393.4c-12.5 12.5-12.5 32.8 0 45.3s32.8 12.5 45.3 0l160-160z\"><\/path><\/svg><\/div><\/span><\/div>\n<\/div><\/div>\n<\/div><\/div><\/summary>\n\n\n\n<div class=\"wp-block-stackable-column stk-block-column stk-column stk-block stk-cd59391 stk-block-accordion__content\" data-v=\"4\" data-block-id=\"cd59391\"><div class=\"stk-column-wrapper stk-block-column__content stk-container stk-cd59391-container stk--no-background stk--no-padding\"><div class=\"stk-block-content stk-inner-blocks stk-cd59391-inner-blocks\">\n<div class=\"wp-block-stackable-text stk-block-text stk-block stk-8aedd26\" data-block-id=\"8aedd26\"><style>.stk-8aedd26 .stk-block-text__text{color:var(--theme-palette-color-8, #ffffff) !important;}<\/style><p class=\"stk-block-text__text has-text-color\">Desarrollamos experiencias interactivas e inmersivas en tiempo real donde no hay l\u00edmites a la hora de la imaginaci\u00f3n.<\/p><\/div>\n<\/div><\/div><\/div>\n<\/details>\n<\/div><\/div><\/div>\n<\/div><video class=\"stk-video-background\" autoplay muted loop playsinline src=\"http:\/\/exodos-imagen.com\/wp-content\/uploads\/2024\/11\/GWN_IconC_5_Unidad_Vivienda_f300.mp4\" poster=\"\"><\/video><\/div>","protected":false},"excerpt":{"rendered":"<p>Stills Custom image creation by interpreting architectural documentation, reference images, and other design concepts. We combine elements of photography, lighting, painting, landscaping, and interior design to bring your unique vision to life. 360\u00b0 Tours We transform your spaces into immersive virtual experiences, accessible from any device, whether it&#8217;s a PC, a smartphone, or a VR [&hellip;]<\/p>","protected":false},"author":2,"featured_media":0,"parent":0,"menu_order":0,"comment_status":"closed","ping_status":"closed","template":"","meta":{"pgc_sgb_lightbox_settings":"","_themeisle_gutenberg_block_has_review":false,"footnotes":""},"class_list":["post-851","page","type-page","status-publish","hentry"],"blocksy_meta":{"page_title_panel":"","has_hero_section":"disabled","5fd8ae0ffcf559d6a59387d08403c19e":"","hero_section":"type-1","hero_elements":[{"id":"custom_title","enabled":true,"heading_tag":"h1","title":"Home"},{"id":"custom_description","enabled":true,"description_visibility":{"desktop":true,"tablet":true,"mobile":false}},{"id":"custom_meta","enabled":false,"meta_elements":[{"id":"author","enabled":true,"label":"By","has_author_avatar":"yes","avatar_size":25},{"id":"post_date","enabled":true,"label":"On","date_format_source":"default","date_format":"M j, Y"},{"id":"updated_date","enabled":false,"label":"On","date_format_source":"default","date_format":"M j, Y"},{"id":"categories","enabled":false,"label":"In","style":"simple"},{"id":"comments","enabled":true}],"page_meta_elements":{"joined":true,"articles_count":true,"comments":true}},{"id":"breadcrumbs","enabled":false}],"f34b86d0ae5f819c85a8b5d03675e2b1":"","hero_alignment1":"CT_CSS_SKIP_RULE","hero_margin":40,"hero_alignment2":"center","hero_vertical_alignment":"center","ce71f34d86c686273bc31aacb9f7b079":"","hero_structure":"narrow","b580d2d557c5436d2c2c462978e22cac":"","page_title_bg_type":"featured_image","custom_hero_background":{"attachment_id":null},"parallax":{"desktop":false,"tablet":false,"mobile":false},"e6469cda8155a8bd644b824191e5d1ca":"","hero_height":"250px","pageTitleFont":{"family":"Default","variation":"Default","size":"30px","line-height":"CT_CSS_SKIP_RULE","letter-spacing":"CT_CSS_SKIP_RULE","text-transform":"CT_CSS_SKIP_RULE","text-decoration":"CT_CSS_SKIP_RULE"},"pageTitleFontColor":{"default":{"color":"CT_CSS_SKIP_RULEDEFAULT"}},"pageMetaFont":{"family":"Default","variation":"n6","size":"12px","line-height":"1.3","letter-spacing":"CT_CSS_SKIP_RULE","text-transform":"uppercase","text-decoration":"CT_CSS_SKIP_RULE"},"pageMetaFontColor":{"default":{"color":"CT_CSS_SKIP_RULEDEFAULT"},"hover":{"color":"CT_CSS_SKIP_RULEDEFAULT"}},"page_meta_button_type_font_colors":{"default":{"color":"CT_CSS_SKIP_RULEDEFAULT"},"hover":{"color":"CT_CSS_SKIP_RULEDEFAULT"}},"page_meta_button_type_background_colors":{"default":{"color":"CT_CSS_SKIP_RULEDEFAULT"},"hover":{"color":"CT_CSS_SKIP_RULEDEFAULT"}},"pageExcerptFont":{"family":"Default","variation":"Default","size":"CT_CSS_SKIP_RULE","line-height":"CT_CSS_SKIP_RULE","letter-spacing":"CT_CSS_SKIP_RULE","text-transform":"CT_CSS_SKIP_RULE","text-decoration":"CT_CSS_SKIP_RULE"},"pageExcerptColor":{"default":{"color":"CT_CSS_SKIP_RULEDEFAULT"}},"breadcrumbsFont":{"family":"Default","variation":"Default","size":"CT_CSS_SKIP_RULE","line-height":"CT_CSS_SKIP_RULE","letter-spacing":"CT_CSS_SKIP_RULE","text-transform":"CT_CSS_SKIP_RULE","text-decoration":"CT_CSS_SKIP_RULE"},"breadcrumbsFontColor":{"default":{"color":"CT_CSS_SKIP_RULEDEFAULT"},"initial":{"color":"CT_CSS_SKIP_RULEDEFAULT"},"hover":{"color":"CT_CSS_SKIP_RULEDEFAULT"}},"pageTitleOverlay":{"background_type":"color","background_pattern":"type-1","background_image":{"attachment_id":null,"x":0,"y":0},"gradient":"linear-gradient(135deg,rgba(6,147,227,1) 0%,rgb(155,81,224) 100%)","background_repeat":"repeat","background_size":"auto","background_attachment":"scroll","patternColor":{"default":{"color":"#e5e7ea"}},"overlayColor":{"default":{"color":"CT_CSS_SKIP_RULE"}},"backgroundColor":{"default":{"color":"CT_CSS_SKIP_RULE"}}},"pageTitleBackground":{"background_type":"color","background_pattern":"type-1","background_image":{"attachment_id":null,"x":0,"y":0},"gradient":"linear-gradient(135deg,rgba(6,147,227,1) 0%,rgb(155,81,224) 100%)","background_repeat":"repeat","background_size":"auto","background_attachment":"scroll","patternColor":{"default":{"color":"#e5e7ea"}},"overlayColor":{"default":{"color":"CT_CSS_SKIP_RULE"}},"backgroundColor":{"default":{"color":"var(--theme-palette-color-6)"}}},"pageTitlePadding":{"top":"50px","bottom":"50px","left":"auto","right":"auto","linked":true},"d3845f87838538ad0b357ce5589f024f":"","page_structure_type":"default","fe4c13166e4ba1ace14838e2031adfe7":"","content_style_source":"inherit","content_style":"wide","vertical_spacing_source":"custom","content_area_spacing":"none","background":{"background_type":"color","background_pattern":"type-1","background_image":{"attachment_id":null,"x":0,"y":0},"gradient":"linear-gradient(135deg,rgba(6,147,227,1) 0%,rgb(155,81,224) 100%)","background_repeat":"repeat","background_size":"auto","background_attachment":"scroll","patternColor":{"default":{"color":"#e5e7ea"}},"overlayColor":{"default":{"color":"CT_CSS_SKIP_RULE"}},"backgroundColor":{"default":{"color":"CT_CSS_SKIP_RULE"}}},"content_background":{"background_type":"color","background_pattern":"type-1","background_image":{"attachment_id":null,"x":0,"y":0},"gradient":"linear-gradient(135deg,rgba(6,147,227,1) 0%,rgb(155,81,224) 100%)","background_repeat":"repeat","background_size":"auto","background_attachment":"scroll","patternColor":{"default":{"color":"#e5e7ea"}},"overlayColor":{"default":{"color":"CT_CSS_SKIP_RULE"}},"backgroundColor":{"default":{"color":"var(--theme-palette-color-8)"}}},"content_boxed_shadow":{"inherit":false,"blur":18,"spread":-6,"v_offset":12,"h_offset":0,"inset":false,"enable":true,"color":{"color":"rgba(34, 56, 101, 0.04)"}},"boxed_content_spacing":{"desktop":{"top":"40px","bottom":"40px","left":"40px","right":"40px","linked":true},"tablet":{"top":"35px","bottom":"35px","left":"35px","right":"35px","linked":true},"mobile":{"top":"20px","bottom":"20px","left":"20px","right":"20px","linked":true}},"content_boxed_radius":{"top":"3px","bottom":"3px","left":"3px","right":"3px","linked":true},"65886cc08d8b020fa2bb456ae841125b":"","disable_featured_image":"no","disable_share_box":"no","disable_header":"no","disable_footer":"no","styles_descriptor":{"styles":{"desktop":"","tablet":"","mobile":""},"google_fonts":[],"version":6}},"_links":{"self":[{"href":"https:\/\/exodos-imagen.com\/es\/wp-json\/wp\/v2\/pages\/851","targetHints":{"allow":["GET"]}}],"collection":[{"href":"https:\/\/exodos-imagen.com\/es\/wp-json\/wp\/v2\/pages"}],"about":[{"href":"https:\/\/exodos-imagen.com\/es\/wp-json\/wp\/v2\/types\/page"}],"author":[{"embeddable":true,"href":"https:\/\/exodos-imagen.com\/es\/wp-json\/wp\/v2\/users\/2"}],"replies":[{"embeddable":true,"href":"https:\/\/exodos-imagen.com\/es\/wp-json\/wp\/v2\/comments?post=851"}],"version-history":[{"count":89,"href":"https:\/\/exodos-imagen.com\/es\/wp-json\/wp\/v2\/pages\/851\/revisions"}],"predecessor-version":[{"id":2721,"href":"https:\/\/exodos-imagen.com\/es\/wp-json\/wp\/v2\/pages\/851\/revisions\/2721"}],"wp:attachment":[{"href":"https:\/\/exodos-imagen.com\/es\/wp-json\/wp\/v2\/media?parent=851"}],"curies":[{"name":"wp","href":"https:\/\/api.w.org\/{rel}","templated":true}]}}