{"id":3228,"date":"2024-11-29T15:08:59","date_gmt":"2024-11-29T15:08:59","guid":{"rendered":"http:\/\/exodos-imagen.com\/?page_id=3228"},"modified":"2024-11-29T15:08:59","modified_gmt":"2024-11-29T15:08:59","slug":"terms-and-conditions","status":"publish","type":"page","link":"https:\/\/exodos-imagen.com\/es\/terms-and-conditions\/","title":{"rendered":"Terms and Conditions"},"content":{"rendered":"<div class=\"wp-block-stackable-columns stk-block-columns stk-block stk-05da994\" data-block-id=\"05da994\"><div class=\"stk-row stk-inner-blocks stk-block-content stk-content-align stk-05da994-column\">\n<div class=\"wp-block-stackable-column stk-block-column stk-column stk-block stk-8316fae\" data-v=\"4\" data-block-id=\"8316fae\"><div class=\"stk-column-wrapper stk-block-column__content stk-container stk-8316fae-container stk--no-background stk--no-padding\"><div class=\"stk-block-content stk-inner-blocks stk-8316fae-inner-blocks\"><\/div><\/div><\/div>\n<\/div><\/div>\n\n\n\n<div class=\"wp-block-stackable-heading stk-block-heading stk-block-heading--v2 stk-block stk-99a6887\" id=\"1-general-information\" data-block-id=\"99a6887\"><style>.stk-99a6887 .stk-block-heading__text{font-family:\"Oranienbaum\", Sans-serif !important;}<\/style><h3 class=\"stk-block-heading__text\">1. Informaci\u00f3n General<\/h3><\/div>\n\n\n\n<div class=\"wp-block-stackable-text stk-block-text stk-block stk-cc3e289\" data-block-id=\"cc3e289\"><style>.stk-cc3e289 .stk-block-text__text{font-family:\"Kanit\", Sans-serif !important;}<\/style><p class=\"stk-block-text__text\">Este sitio web, administrado por \u00c9xodos Imagen, tiene como finalidad proporcionar informaci\u00f3n sobre nuestros servicios y proyectos en el \u00e1mbito de las interpretaciones visuales de visiones arquitect\u00f3nicas. El acceso y uso del sitio implica la aceptaci\u00f3n de los t\u00e9rminos y condiciones aqu\u00ed descritos.<\/p><\/div>\n\n\n\n<div class=\"wp-block-stackable-heading stk-block-heading stk-block-heading--v2 stk-block stk-2f432b6\" id=\"2-intellectual-property\" data-block-id=\"2f432b6\"><style>.stk-2f432b6 .stk-block-heading__text{font-family:\"Oranienbaum\", Sans-serif !important;}<\/style><h3 class=\"stk-block-heading__text\">2. Propiedad Intelectual<\/h3><\/div>\n\n\n\n<div class=\"wp-block-stackable-text stk-block-text stk-block stk-f74cac5\" data-block-id=\"f74cac5\"><style>.stk-f74cac5 .stk-block-text__text{font-family:\"Kanit\", Sans-serif !important;}<\/style><p class=\"stk-block-text__text\">Todos los contenidos de este sitio, incluidos textos, im\u00e1genes, gr\u00e1ficos, dise\u00f1os y otros materiales, son propiedad exclusiva de \u00c9xodos Imagen o han sido licenciados para su uso en esta plataforma. Est\u00e1 prohibida su reproducci\u00f3n, distribuci\u00f3n o modificaci\u00f3n sin autorizaci\u00f3n previa y por escrito.<\/p><\/div>\n\n\n\n<div class=\"wp-block-stackable-heading stk-block-heading stk-block-heading--v2 stk-block stk-54eddee\" id=\"3-permitted-use\" data-block-id=\"54eddee\"><style>.stk-54eddee .stk-block-heading__text{font-family:\"Oranienbaum\", Sans-serif !important;}<\/style><h3 class=\"stk-block-heading__text\">3. Uso Permitido<\/h3><\/div>\n\n\n\n<div class=\"wp-block-stackable-text stk-block-text stk-block stk-76c9f17\" data-block-id=\"76c9f17\"><style>.stk-76c9f17 .stk-block-text__text{font-family:\"Kanit\", Sans-serif !important;}<\/style><p class=\"stk-block-text__text\">El contenido del sitio es solo para fines informativos. Queda prohibido usar el sitio o su contenido para actividades ilegales, fraudulentas o no autorizadas.<\/p><\/div>\n\n\n\n<div class=\"wp-block-stackable-heading stk-block-heading stk-block-heading--v2 stk-block stk-cb26358\" id=\"4-third-party-links\" data-block-id=\"cb26358\"><style>.stk-cb26358 .stk-block-heading__text{font-family:\"Oranienbaum\", Sans-serif !important;}<\/style><h3 class=\"stk-block-heading__text\">4. Enlaces a Terceros<\/h3><\/div>\n\n\n\n<div class=\"wp-block-stackable-text stk-block-text stk-block stk-c7db965\" data-block-id=\"c7db965\"><style>.stk-c7db965 .stk-block-text__text{font-family:\"Kanit\", Sans-serif !important;}<\/style><p class=\"stk-block-text__text\">Este sitio puede contener enlaces a p\u00e1ginas web de terceros. \u00c9xodos Imagen no se responsabiliza por el contenido ni las pol\u00edticas de esos sitios, los cuales est\u00e1n fuera de nuestro control.<\/p><\/div>\n\n\n\n<div class=\"wp-block-stackable-heading stk-block-heading stk-block-heading--v2 stk-block stk-ed38688\" id=\"5-site-modifications\" data-block-id=\"ed38688\"><style>.stk-ed38688 .stk-block-heading__text{font-family:\"Oranienbaum\", Sans-serif !important;}<\/style><h2 class=\"stk-block-heading__text\">5. Modificaciones al Sitio<\/h2><\/div>\n\n\n\n<div class=\"wp-block-stackable-text stk-block-text stk-block stk-7d0ae58\" data-block-id=\"7d0ae58\"><style>.stk-7d0ae58 .stk-block-text__text{font-family:\"Kanit\", Sans-serif !important;}<\/style><p class=\"stk-block-text__text\">Nos reservamos el derecho de actualizar, modificar o eliminar cualquier contenido del sitio sin previo aviso.<\/p><\/div>","protected":false},"excerpt":{"rendered":"<p>1. General Information This website, managed by \u00c9xodos Imagen, aims to provide information about our services and projects in the realm of visual interpretations of architectural visions. Accessing and using the site implies acceptance of the terms and conditions described herein. 2. Intellectual Property All content on this site, including text, images, graphics, designs, and [&hellip;]<\/p>","protected":false},"author":2,"featured_media":0,"parent":0,"menu_order":0,"comment_status":"closed","ping_status":"closed","template":"","meta":{"pgc_sgb_lightbox_settings":"","_themeisle_gutenberg_block_has_review":false,"footnotes":""},"class_list":["post-3228","page","type-page","status-publish","hentry"],"blocksy_meta":[],"_links":{"self":[{"href":"https:\/\/exodos-imagen.com\/es\/wp-json\/wp\/v2\/pages\/3228","targetHints":{"allow":["GET"]}}],"collection":[{"href":"https:\/\/exodos-imagen.com\/es\/wp-json\/wp\/v2\/pages"}],"about":[{"href":"https:\/\/exodos-imagen.com\/es\/wp-json\/wp\/v2\/types\/page"}],"author":[{"embeddable":true,"href":"https:\/\/exodos-imagen.com\/es\/wp-json\/wp\/v2\/users\/2"}],"replies":[{"embeddable":true,"href":"https:\/\/exodos-imagen.com\/es\/wp-json\/wp\/v2\/comments?post=3228"}],"version-history":[{"count":1,"href":"https:\/\/exodos-imagen.com\/es\/wp-json\/wp\/v2\/pages\/3228\/revisions"}],"predecessor-version":[{"id":3229,"href":"https:\/\/exodos-imagen.com\/es\/wp-json\/wp\/v2\/pages\/3228\/revisions\/3229"}],"wp:attachment":[{"href":"https:\/\/exodos-imagen.com\/es\/wp-json\/wp\/v2\/media?parent=3228"}],"curies":[{"name":"wp","href":"https:\/\/api.w.org\/{rel}","templated":true}]}}