{"id":3223,"date":"2024-11-29T14:54:58","date_gmt":"2024-11-29T14:54:58","guid":{"rendered":"http:\/\/exodos-imagen.com\/?page_id=3223"},"modified":"2024-11-29T14:58:21","modified_gmt":"2024-11-29T14:58:21","slug":"privacy-policy","status":"publish","type":"page","link":"https:\/\/exodos-imagen.com\/es\/privacy-policy\/","title":{"rendered":"Pol\u00edticas de Privacidad"},"content":{"rendered":"<div class=\"wp-block-stackable-heading stk-block-heading stk-block-heading--v2 stk-block stk-d021485\" id=\"1-personal-information\" data-block-id=\"d021485\"><style>.stk-d021485 .stk-block-heading__text{font-family:\"Oranienbaum\", Sans-serif !important;}<\/style><h3 class=\"stk-block-heading__text\">1. Pol\u00edticas de Privacidad<\/h3><\/div>\n\n\n\n<div class=\"wp-block-stackable-text stk-block-text stk-block stk-13085f4\" data-block-id=\"13085f4\"><style>.stk-13085f4 .stk-block-text__text{font-family:\"Kanit\", Sans-serif !important;}<\/style><p class=\"stk-block-text__text\">Este sitio web no recopila, almacena ni utiliza informaci\u00f3n personal de los usuarios. No contamos con formularios de contacto ni sistemas de registro que soliciten datos de los visitantes.<\/p><\/div>\n\n\n\n<div class=\"wp-block-stackable-heading stk-block-heading stk-block-heading--v2 stk-block stk-mf9oxir\" id=\"2-cookies\" data-block-id=\"mf9oxir\"><style>.stk-mf9oxir .stk-block-heading__text{font-family:\"Oranienbaum\", Sans-serif !important;}<\/style><h3 class=\"stk-block-heading__text\">2. Cookies<\/h3><\/div>\n\n\n\n<div class=\"wp-block-stackable-text stk-block-text stk-block stk-9caytii\" data-block-id=\"9caytii\"><style>.stk-9caytii .stk-block-text__text{font-family:\"Kanit\", Sans-serif !important;}<\/style><p class=\"stk-block-text__text\">Actualmente, este sitio no utiliza cookies ni otras tecnolog\u00edas de seguimiento para recopilar datos sobre la navegaci\u00f3n de los usuarios.<\/p><\/div>\n\n\n\n<div class=\"wp-block-stackable-heading stk-block-heading stk-block-heading--v2 stk-block stk-x4rgihu\" id=\"3-links-to-external-sites\" data-block-id=\"x4rgihu\"><style>.stk-x4rgihu .stk-block-heading__text{font-family:\"Oranienbaum\", Sans-serif !important;}<\/style><h3 class=\"stk-block-heading__text\">3. Enlaces a Sitios Externos<\/h3><\/div>\n\n\n\n<div class=\"wp-block-stackable-text stk-block-text stk-block stk-s1jwr39\" data-block-id=\"s1jwr39\"><style>.stk-s1jwr39 .stk-block-text__text{font-family:\"Kanit\", Sans-serif !important;}<\/style><p class=\"stk-block-text__text\">Aunque nuestro sitio puede incluir enlaces a otras p\u00e1ginas web, no nos hacemos responsables de las pol\u00edticas de privacidad o pr\u00e1cticas de esos sitios externos. Se recomienda a los usuarios revisar las pol\u00edticas de cada sitio que visiten.<\/p><\/div>\n\n\n\n<div class=\"wp-block-stackable-heading stk-block-heading stk-block-heading--v2 stk-block stk-ib5bho4\" id=\"4-policy-updates\" data-block-id=\"ib5bho4\"><style>.stk-ib5bho4 .stk-block-heading__text{font-family:\"Oranienbaum\", Sans-serif !important;}<\/style><h3 class=\"stk-block-heading__text\">Actualizaci\u00f3n de esta Pol\u00edtica<\/h3><\/div>\n\n\n\n<div class=\"wp-block-stackable-text stk-block-text stk-block stk-sbxq5b2\" data-block-id=\"sbxq5b2\"><style>.stk-sbxq5b2 .stk-block-text__text{font-family:\"Kanit\", Sans-serif !important;}<\/style><p class=\"stk-block-text__text\">\u00c9xodos Imagen se reserva el derecho de actualizar o modificar esta pol\u00edtica en cualquier momento. Las actualizaciones ser\u00e1n publicadas en esta misma secci\u00f3n.<\/p><\/div>\n\n\n\n<p><\/p>","protected":false},"excerpt":{"rendered":"<p>1. Personal Information This website does not collect, store, or use users\u2019 personal information. We do not have contact forms or registration systems that request visitor data. 2. Cookies Currently, this site does not use cookies or other tracking technologies to collect users\u2019 browsing data. 3. Links to External Sites Although our site may include [&hellip;]<\/p>","protected":false},"author":2,"featured_media":0,"parent":0,"menu_order":0,"comment_status":"closed","ping_status":"closed","template":"","meta":{"pgc_sgb_lightbox_settings":"","_themeisle_gutenberg_block_has_review":false,"footnotes":""},"class_list":["post-3223","page","type-page","status-publish","hentry"],"blocksy_meta":[],"_links":{"self":[{"href":"https:\/\/exodos-imagen.com\/es\/wp-json\/wp\/v2\/pages\/3223","targetHints":{"allow":["GET"]}}],"collection":[{"href":"https:\/\/exodos-imagen.com\/es\/wp-json\/wp\/v2\/pages"}],"about":[{"href":"https:\/\/exodos-imagen.com\/es\/wp-json\/wp\/v2\/types\/page"}],"author":[{"embeddable":true,"href":"https:\/\/exodos-imagen.com\/es\/wp-json\/wp\/v2\/users\/2"}],"replies":[{"embeddable":true,"href":"https:\/\/exodos-imagen.com\/es\/wp-json\/wp\/v2\/comments?post=3223"}],"version-history":[{"count":4,"href":"https:\/\/exodos-imagen.com\/es\/wp-json\/wp\/v2\/pages\/3223\/revisions"}],"predecessor-version":[{"id":3227,"href":"https:\/\/exodos-imagen.com\/es\/wp-json\/wp\/v2\/pages\/3223\/revisions\/3227"}],"wp:attachment":[{"href":"https:\/\/exodos-imagen.com\/es\/wp-json\/wp\/v2\/media?parent=3223"}],"curies":[{"name":"wp","href":"https:\/\/api.w.org\/{rel}","templated":true}]}}